{"id":102,"date":"2026-04-24T12:03:43","date_gmt":"2026-04-24T10:03:43","guid":{"rendered":"https:\/\/www.stivdd.be\/?page_id=102"},"modified":"2026-04-27T10:33:39","modified_gmt":"2026-04-27T08:33:39","slug":"about-us","status":"publish","type":"page","link":"https:\/\/www.stivdd.be\/en\/about-us\/","title":{"rendered":"About Us"},"content":{"rendered":"  <div id=\"page-header-8383896\" class=\"page-header-wrapper\">\n  <div class=\"page-title dark featured-title\">\n\n    \n    <div class=\"page-title-inner container align-center flex-row medium-flex-wrap\" >\n              <div class=\"title-wrapper flex-col text-left medium-text-center\">\n          <h1 class=\"entry-title mb-0\">\n            About Us          <\/h1>\n        <\/div>\n                    <div class=\"title-content flex-col flex-right text-right medium-text-center\">\n        <div class=\"title-breadcrumbs pb-half pt-half\"><\/div>      <\/div>\n    <\/div>\n\n       <\/div>\n    <\/div>\n  \n\t<div id=\"gap-2064387342\" class=\"gap-element clearfix\" style=\"display:block; height:auto;\">\n\t\t\n<style>\n#gap-2064387342 {\n  padding-top: 70px;\n}\n<\/style>\n\t<\/div>\n\t\n\n\t<section class=\"section\" id=\"section_280849137\">\n\t\t<div class=\"section-bg fill\" >\n\t\t\t\t\t\t\t\t\t\n\t\t\t\n\t<div class=\"is-border\"\n\t\tstyle=\"border-width:0px 0px 0px 0px;margin:0 0px 0px 0px;\">\n\t<\/div>\n\n\t\t<\/div>\n\n\t\t\n\n\t\t<div class=\"section-content relative\">\n\t\t\t\n<div class=\"row align-center\"  id=\"row-1413777219\">\n\n\t<div id=\"col-1510101977\" class=\"col medium-10 small-12 large-10\"  >\n\t\t\t\t<div class=\"col-inner text-center\"  >\n\t\t\t\n\t\t\t\n\t<div id=\"text-1495957647\" class=\"text\">\n\t\t\n<h2 class=\"uppercase\">STI \u2013 Vandendorpe MEANS\u2026<\/h2>\n<p>Over 30 years of expertise in industrial supplies, a large network of international suppliers and the guarantee of profitable and rapid projects.<\/p>\n\t\t\n<style>\n#text-1495957647 {\n  font-size: 1.45rem;\n}\n<\/style>\n\t<\/div>\n\t\n\t\t<\/div>\n\t\t\t\t\t<\/div>\n\n\t\n<\/div>\n<div class=\"row\"  id=\"row-145237151\">\n\n\t<div id=\"col-1592402725\" class=\"col medium-4 small-12 large-4\"  >\n\t\t\t\t<div class=\"col-inner text-center\"  >\n\t\t\t\n\t<div class=\"is-border\"\n\t\tstyle=\"border-width:0px 0px 0px 0px;\">\n\t<\/div>\n\t\t\t\n\t<div class=\"img has-hover x md-x lg-x y md-y lg-y\" id=\"image_1859512728\">\n\t\t\t\t\t\t\t\t<div class=\"img-inner image-cover dark\" style=\"padding-top:330px;margin:50px - 0px 0px;\">\n\t\t\t<img loading=\"lazy\" decoding=\"async\" width=\"1020\" height=\"680\" src=\"https:\/\/www.stivdd.be\/wp-content\/uploads\/2026\/04\/worker-operating-industrial-machine-metal-workshop-1024x683.jpg\" class=\"attachment-large size-large\" alt=\"\" srcset=\"https:\/\/www.stivdd.be\/wp-content\/uploads\/2026\/04\/worker-operating-industrial-machine-metal-workshop-1024x683.jpg 1024w, https:\/\/www.stivdd.be\/wp-content\/uploads\/2026\/04\/worker-operating-industrial-machine-metal-workshop-300x200.jpg 300w, https:\/\/www.stivdd.be\/wp-content\/uploads\/2026\/04\/worker-operating-industrial-machine-metal-workshop-768x513.jpg 768w, https:\/\/www.stivdd.be\/wp-content\/uploads\/2026\/04\/worker-operating-industrial-machine-metal-workshop.jpg 1500w\" sizes=\"auto, (max-width: 1020px) 100vw, 1020px\" \/>\t\t\t\t\t\t\n\t\t\t\t\t<\/div>\n\t\t\t\t\t\t\t\t\n<style>\n#image_1859512728 {\n  width: 100%;\n}\n<\/style>\n\t<\/div>\n\t\n\t\t<\/div>\n\t\t\t\t\n<style>\n#col-1592402725 > .col-inner {\n  padding: 0px 0px 0px 0px;\n  margin: 0px -0px 0px 0px;\n}\n<\/style>\n\t<\/div>\n\n\t\n\n\t<div id=\"col-1912415696\" class=\"col medium-4 small-12 large-4\"  >\n\t\t\t\t<div class=\"col-inner\"  >\n\t\t\t\n\t\t\t\n\t<div class=\"img has-hover x md-x lg-x y md-y lg-y\" id=\"image_1023214757\">\n\t\t\t\t\t\t\t\t<div class=\"img-inner image-cover dark\" style=\"padding-top:330px;margin:0px 0px 0px 0px;\">\n\t\t\t<img loading=\"lazy\" decoding=\"async\" width=\"1020\" height=\"1020\" src=\"https:\/\/www.stivdd.be\/wp-content\/uploads\/2026\/04\/stock-cable-1024x1024.jpg\" class=\"attachment-large size-large\" alt=\"\" srcset=\"https:\/\/www.stivdd.be\/wp-content\/uploads\/2026\/04\/stock-cable-1024x1024.jpg 1024w, https:\/\/www.stivdd.be\/wp-content\/uploads\/2026\/04\/stock-cable-300x300.jpg 300w, https:\/\/www.stivdd.be\/wp-content\/uploads\/2026\/04\/stock-cable-150x150.jpg 150w, https:\/\/www.stivdd.be\/wp-content\/uploads\/2026\/04\/stock-cable-768x768.jpg 768w, https:\/\/www.stivdd.be\/wp-content\/uploads\/2026\/04\/stock-cable.jpg 1080w\" sizes=\"auto, (max-width: 1020px) 100vw, 1020px\" \/>\t\t\t\t\t\t\n\t\t\t\t\t<\/div>\n\t\t\t\t\t\t\t\t\n<style>\n#image_1023214757 {\n  width: 100%;\n}\n<\/style>\n\t<\/div>\n\t\n\t\t<\/div>\n\t\t\t\t\n<style>\n#col-1912415696 > .col-inner {\n  margin: 0px 0px 0px px;\n}\n<\/style>\n\t<\/div>\n\n\t\n\n\t<div id=\"col-1160751177\" class=\"col medium-4 small-12 large-4\"  >\n\t\t\t\t<div class=\"col-inner\"  >\n\t\t\t\n\t\t\t\n\t<div class=\"img has-hover x md-x lg-x y md-y lg-y\" id=\"image_618972992\">\n\t\t\t\t\t\t\t\t<div class=\"img-inner image-cover dark\" style=\"padding-top:330px;margin:0px 0px 0px -;\">\n\t\t\t<img loading=\"lazy\" decoding=\"async\" width=\"1020\" height=\"680\" src=\"https:\/\/www.stivdd.be\/wp-content\/uploads\/2026\/04\/excavatrice-1536x1024-1-1024x683.jpg\" class=\"attachment-large size-large\" alt=\"\" srcset=\"https:\/\/www.stivdd.be\/wp-content\/uploads\/2026\/04\/excavatrice-1536x1024-1-1024x683.jpg 1024w, https:\/\/www.stivdd.be\/wp-content\/uploads\/2026\/04\/excavatrice-1536x1024-1-300x200.jpg 300w, https:\/\/www.stivdd.be\/wp-content\/uploads\/2026\/04\/excavatrice-1536x1024-1-768x512.jpg 768w, https:\/\/www.stivdd.be\/wp-content\/uploads\/2026\/04\/excavatrice-1536x1024-1.jpg 1536w\" sizes=\"auto, (max-width: 1020px) 100vw, 1020px\" \/>\t\t\t\t\t\t\n\t\t\t\t\t<\/div>\n\t\t\t\t\t\t\t\t\n<style>\n#image_618972992 {\n  width: 100%;\n}\n<\/style>\n\t<\/div>\n\t\n\t\t<\/div>\n\t\t\t\t\n<style>\n#col-1160751177 > .col-inner {\n  margin: 0px 0px 0px 0;\n}\n<\/style>\n\t<\/div>\n\n\t\n<\/div>\n\t\t<\/div>\n\n\t\t\n<style>\n#section_280849137 {\n  padding-top: 0px;\n  padding-bottom: 0px;\n  min-height: 300px;\n  background-color: rgb(255,255,255);\n}\n<\/style>\n\t<\/section>\n\t\n<div class=\"row\"  id=\"row-198651171\">\n\n\t<div id=\"col-478999148\" class=\"col small-12 large-12\"  >\n\t\t\t\t<div class=\"col-inner\"  >\n\t\t\t\n\t\t\t\n\t<div id=\"text-3834336884\" class=\"text\">\n\t\t\n<h3 class=\"uppercase\">STI- Vandendorpe Solutions<\/h3>\n<p>Operating in the supply of technical parts and consumables for industrial sectors such as mining, civil engineering, construction, land development and cement works, as well as agriculture, dairies, breweries, etc.<\/p>\n<p>From drawing up offers based on a network of international suppliers with several hundred thousand references. Through to managing your orders. Right through to delivering your equipment.<\/p>\n<p>STI-VANDENDORPE guarantees the cost-efficiency of your projects, ensures fast turnaround and optimises logistics processes to meet deadlines and comply with local regulations.<\/p>\n<p>With over thirty years of experience, and numerous projects completed in Europe, Africa and Asia, Services and Trading International will be the partner for your purchasing projects.<\/p>\n\t\t\n<style>\n#text-3834336884 {\n  font-size: 0.95rem;\n  text-align: left;\n}\n<\/style>\n\t<\/div>\n\t\n\t<div id=\"gap-1314383234\" class=\"gap-element clearfix\" style=\"display:block; height:auto;\">\n\t\t\n<style>\n#gap-1314383234 {\n  padding-top: 30px;\n}\n<\/style>\n\t<\/div>\n\t\n\t\t<\/div>\n\t\t\t\t\t<\/div>\n\n\t\n<\/div>\n\n\t<section class=\"section\" id=\"section_477915479\">\n\t\t<div class=\"section-bg fill\" >\n\t\t\t\t\t\t\t\t\t<div class=\"section-bg-overlay absolute fill\"><\/div>\n\t\t\t\n\n\t\t<\/div>\n\n\t\t\n\n\t\t<div class=\"section-content relative\">\n\t\t\t\n<span class=\"scroll-to\" data-label=\"Scroll to: #purchase\" data-bullet=\"false\" data-link=\"#purchase\" data-title=\"purchase\"><a name=\"purchase\"><\/a><\/span>\n<div class=\"row row-large align-middle\"  id=\"row-986056070\">\n\n\t<div id=\"col-1919154468\" class=\"col medium-6 small-12 large-6\"  >\n\t\t\t\t<div class=\"col-inner text-left\"  >\n\t\t\t\n\t\t\t\n<h2>PURCHASES<\/h2>\n<div>With our extensive network of manufacturers and suppliers, STI-VANDENDORPE is ideally placed to offer you the most appropriate solution for your needs.<\/div>\n<div><\/div>\n<div>Fully aware of the constraints of international trade, we will do our utmost to find a solution that minimises costs.<\/div>\n\t\t<\/div>\n\t\t\t\t\t<\/div>\n\n\t\n\n\t<div id=\"col-1709361575\" class=\"col medium-6 small-12 large-6\"  >\n\t\t\t\t<div class=\"col-inner\"  >\n\t\t\t\n\t\t\t\n\t<div class=\"img has-hover x md-x lg-x y md-y lg-y\" id=\"image_495886953\">\n\t\t\t\t\t\t\t\t<div class=\"img-inner dark\" style=\"margin:30px 0px 0px 0px;\">\n\t\t\t<img loading=\"lazy\" decoding=\"async\" width=\"768\" height=\"513\" src=\"https:\/\/www.stivdd.be\/wp-content\/uploads\/2026\/04\/close-up-poignee-main-succes-768x513-1.jpg\" class=\"attachment-large size-large\" alt=\"\" srcset=\"https:\/\/www.stivdd.be\/wp-content\/uploads\/2026\/04\/close-up-poignee-main-succes-768x513-1.jpg 768w, https:\/\/www.stivdd.be\/wp-content\/uploads\/2026\/04\/close-up-poignee-main-succes-768x513-1-300x200.jpg 300w\" sizes=\"auto, (max-width: 768px) 100vw, 768px\" \/>\t\t\t\t\t\t\n\t\t\t\t\t<\/div>\n\t\t\t\t\t\t\t\t\n<style>\n#image_495886953 {\n  width: 100%;\n}\n<\/style>\n\t<\/div>\n\t\n\t\t<\/div>\n\t\t\t\t\t<\/div>\n\n\t\n<\/div>\n\t\t<\/div>\n\n\t\t\n<style>\n#section_477915479 {\n  padding-top: 0px;\n  padding-bottom: 0px;\n  background-color: rgb(193, 193, 193);\n}\n#section_477915479 .section-bg-overlay {\n  background-color: rgba(255, 255, 255, 0.85);\n}\n<\/style>\n\t<\/section>\n\t\n<span class=\"scroll-to\" data-label=\"Scroll to: #logistics\" data-bullet=\"false\" data-link=\"#logistics\" data-title=\"logistics\"><a name=\"logistics\"><\/a><\/span>\n\n\t<section class=\"section\" id=\"section_1574756731\">\n\t\t<div class=\"section-bg fill\" >\n\t\t\t\t\t\t\t\t\t<div class=\"section-bg-overlay absolute fill\"><\/div>\n\t\t\t\n\n\t\t<\/div>\n\n\t\t\n\n\t\t<div class=\"section-content relative\">\n\t\t\t\n<div class=\"row row-large align-middle\"  id=\"row-225229639\">\n\n\t<div id=\"col-1184838937\" class=\"col medium-6 small-12 large-6\"  >\n\t\t\t\t<div class=\"col-inner\"  >\n\t\t\t\n\t\t\t\n\t<div class=\"img has-hover x md-x lg-x y md-y lg-y\" id=\"image_939722555\">\n\t\t\t\t\t\t\t\t<div class=\"img-inner dark\" style=\"margin:30px 0px 0px 0px;\">\n\t\t\t<img loading=\"lazy\" decoding=\"async\" width=\"425\" height=\"282\" src=\"https:\/\/www.stivdd.be\/wp-content\/uploads\/2026\/04\/Logistiques.jpg\" class=\"attachment-large size-large\" alt=\"\" srcset=\"https:\/\/www.stivdd.be\/wp-content\/uploads\/2026\/04\/Logistiques.jpg 425w, https:\/\/www.stivdd.be\/wp-content\/uploads\/2026\/04\/Logistiques-300x199.jpg 300w\" sizes=\"auto, (max-width: 425px) 100vw, 425px\" \/>\t\t\t\t\t\t\n\t\t\t\t\t<\/div>\n\t\t\t\t\t\t\t\t\n<style>\n#image_939722555 {\n  width: 100%;\n}\n<\/style>\n\t<\/div>\n\t\n\t\t<\/div>\n\t\t\t\t\t<\/div>\n\n\t\n\n\t<div id=\"col-251678939\" class=\"col medium-6 small-12 large-6\"  >\n\t\t\t\t<div class=\"col-inner text-left\"  >\n\t\t\t\n\t\t\t\n<h2>LOGISTIC<\/h2>\n<p>Our warehouse is located in the heart of Europe. Close to an international airport and near the port of Antwerp, we are in a position to offer you an efficient, fast and competitive logistics service.<\/p>\n\t\t<\/div>\n\t\t\t\t\t<\/div>\n\n\t\n<\/div>\n\t\t<\/div>\n\n\t\t\n<style>\n#section_1574756731 {\n  padding-top: 0px;\n  padding-bottom: 0px;\n  background-color: rgb(255, 255, 255);\n}\n#section_1574756731 .section-bg-overlay {\n  background-color: rgba(255, 255, 255, 0.85);\n}\n<\/style>\n\t<\/section>\n\t\n\n\t<section class=\"section\" id=\"section_3319883\">\n\t\t<div class=\"section-bg fill\" >\n\t\t\t\t\t\t\t\t\t<div class=\"section-bg-overlay absolute fill\"><\/div>\n\t\t\t\n\n\t\t<\/div>\n\n\t\t\n\n\t\t<div class=\"section-content relative\">\n\t\t\t\n<div class=\"row row-large align-middle\"  id=\"row-476916217\">\n\n\t<div id=\"col-186110231\" class=\"col medium-6 small-12 large-6\"  >\n\t\t\t\t<div class=\"col-inner text-left\"  >\n\t\t\t\n\t\t\t\n<h2>PACKAGING<\/h2>\n<p>Our packagings are designed to keep weight and volume to a minimum, thereby limiting logistics costs. They are designed to ensure that your equipment can be shipped safely, regardless of the mode of transport you choose.<\/p>\n<p>Our packagings are designed to be easy for you to handle.<br \/>\nWe also check that your equipment is in good condition before shipping.<\/p>\n\t\t<\/div>\n\t\t\t\t\t<\/div>\n\n\t\n\n\t<div id=\"col-890612359\" class=\"col medium-6 small-12 large-6\"  >\n\t\t\t\t<div class=\"col-inner\"  >\n\t\t\t\n\t\t\t\n\t<div class=\"img has-hover x md-x lg-x y md-y lg-y\" id=\"image_1112344664\">\n\t\t\t\t\t\t\t\t<div class=\"img-inner dark\" style=\"margin:30px 0px 0px 0px;\">\n\t\t\t<img loading=\"lazy\" decoding=\"async\" width=\"768\" height=\"512\" src=\"https:\/\/www.stivdd.be\/wp-content\/uploads\/2026\/04\/emballage-768x512-1.jpg\" class=\"attachment-large size-large\" alt=\"\" srcset=\"https:\/\/www.stivdd.be\/wp-content\/uploads\/2026\/04\/emballage-768x512-1.jpg 768w, https:\/\/www.stivdd.be\/wp-content\/uploads\/2026\/04\/emballage-768x512-1-300x200.jpg 300w\" sizes=\"auto, (max-width: 768px) 100vw, 768px\" \/>\t\t\t\t\t\t\n\t\t\t\t\t<\/div>\n\t\t\t\t\t\t\t\t\n<style>\n#image_1112344664 {\n  width: 100%;\n}\n<\/style>\n\t<\/div>\n\t\n\t\t<\/div>\n\t\t\t\t\t<\/div>\n\n\t\n<\/div>\n\t\t<\/div>\n\n\t\t\n<style>\n#section_3319883 {\n  padding-top: 0px;\n  padding-bottom: 0px;\n  background-color: rgb(193, 193, 193);\n}\n#section_3319883 .section-bg-overlay {\n  background-color: rgba(255, 255, 255, 0.85);\n}\n<\/style>\n\t<\/section>\n\t\n\t<div id=\"gap-963264043\" class=\"gap-element clearfix\" style=\"display:block; height:auto;\">\n\t\t\n<style>\n#gap-963264043 {\n  padding-top: 100px;\n}\n<\/style>\n\t<\/div>\n\t\n<div class=\"row row-dashed\"  id=\"row-815020774\">\n\n\t<div id=\"col-450844357\" class=\"col medium-6 small-12 large-6\"  >\n\t\t\t\t<div class=\"col-inner\"  >\n\t\t\t\n\t\t\t\n\n\t\t<div class=\"icon-box featured-box icon-box-left text-left\"  >\n\t\t\t\t\t<div class=\"icon-box-img\" style=\"width: 60px\">\n\t\t\t\t<div class=\"icon\">\n\t\t\t\t\t<div class=\"icon-inner\" >\n\t\t\t\t\t\t<img loading=\"lazy\" decoding=\"async\" width=\"64\" height=\"64\" src=\"https:\/\/www.stivdd.be\/wp-content\/uploads\/2026\/04\/icons8-action-64.png\" class=\"attachment-medium size-medium\" alt=\"\" \/>\t\t\t\t\t<\/div>\n\t\t\t\t<\/div>\n\t\t\t<\/div>\n\t\t\t\t<div class=\"icon-box-text last-reset\">\n\t\t\t\t\t\t\t\t\t\n<h3 class=\"uppercase\">Wide network of suppliers<\/h3>\n<p>STI-VANDENDORPE has an extensive network of international suppliers with a wide selection of products. We are committed to offering the most suitable products to our customers.<\/p>\n\t\t<\/div>\n\t<\/div>\n\t\n\t\n\t\t<\/div>\n\t\t\t\t\t<\/div>\n\n\t\n\n\t<div id=\"col-2088352727\" class=\"col medium-6 small-12 large-6\"  >\n\t\t\t\t<div class=\"col-inner\"  >\n\t\t\t\n\t\t\t\n\n\t\t<div class=\"icon-box featured-box icon-box-left text-left\"  >\n\t\t\t\t\t<div class=\"icon-box-img\" style=\"width: 60px\">\n\t\t\t\t<div class=\"icon\">\n\t\t\t\t\t<div class=\"icon-inner\" >\n\t\t\t\t\t\t<img loading=\"lazy\" decoding=\"async\" width=\"150\" height=\"150\" src=\"https:\/\/www.stivdd.be\/wp-content\/uploads\/2026\/04\/system-150x150-1.png\" class=\"attachment-medium size-medium\" alt=\"\" \/>\t\t\t\t\t<\/div>\n\t\t\t\t<\/div>\n\t\t\t<\/div>\n\t\t\t\t<div class=\"icon-box-text last-reset\">\n\t\t\t\t\t\t\t\t\t\n<h3 class=\"uppercase\">Projects across the world<\/h3>\n<p>STI-VANDENDORPE has been involved in many projects around the world, acquiring solid international experience. We take into account cultural differences and local regulations to ensure the success of your project.<\/p>\n\t\t<\/div>\n\t<\/div>\n\t\n\t\n\t\t<\/div>\n\t\t\t\t\t<\/div>\n\n\t\n<\/div>\n\t<div id=\"gap-175801870\" class=\"gap-element clearfix\" style=\"display:block; height:auto;\">\n\t\t\n<style>\n#gap-175801870 {\n  padding-top: 68px;\n}\n<\/style>\n\t<\/div>\n\t\n\n\t<section class=\"section\" id=\"section_1652320934\">\n\t\t<div class=\"section-bg fill\" >\n\t\t\t\t\t\t\t\t\t\n\t\t\t\n\n\t\t<\/div>\n\n\t\t\n\n\t\t<div class=\"section-content relative\">\n\t\t\t\n<div class=\"row align-center\"  id=\"row-1205950299\">\n\n\t<div id=\"col-1008009592\" class=\"col medium-8 small-11 large-6\"  >\n\t\t\t\t<div class=\"col-inner text-center\"  >\n\t\t\t\n\t\t\t\n\t<div id=\"gap-266331314\" class=\"gap-element clearfix\" style=\"display:block; height:auto;\">\n\t\t\n<style>\n#gap-266331314 {\n  padding-top: 30px;\n}\n<\/style>\n\t<\/div>\n\t\n\t<div id=\"text-2820469973\" class=\"text\">\n\t\t\n<h3>Our Brands<\/h3>\n\t\t\n<style>\n#text-2820469973 {\n  font-size: 2.5rem;\n  line-height: 0.75;\n}\n<\/style>\n\t<\/div>\n\t\n\t\t<\/div>\n\t\t\t\t\t<\/div>\n\n\t\n\n\t<div id=\"col-99997241\" class=\"col small-12 large-12\"  >\n\t\t\t\t<div class=\"col-inner\"  >\n\t\t\t\n\t\t\t\n<table class=\"brands\">\n<tbody>\n<tr>\n<td>\n<h2>A<\/h2>\n<ul>\n<li>Allweiller<\/li>\n<li>Atlas Copco<\/li>\n<\/ul>\n<\/td>\n<td>\n<h2>B<\/h2>\n<ul>\n<li>Bomag<\/li>\n<li>Bosch<\/li>\n<li>Bridgestone<\/li>\n<\/ul>\n<\/td>\n<td>\n<h2>C<\/h2>\n<ul>\n<li>Caterpillar<\/li>\n<li>Cummins<\/li>\n<\/ul>\n<\/td>\n<\/tr>\n<tr>\n<td>\n<h2>D<\/h2>\n<ul>\n<li>Daf<\/li>\n<li>Delco Remy<\/li>\n<li>Demag<\/li>\n<li>Detroit Diesel<\/li>\n<li>Deutz<\/li>\n<li>Dynapac<\/li>\n<li>Donaldson<\/li>\n<\/ul>\n<\/td>\n<td>\n<h2>E<\/h2>\n<\/td>\n<td>\n<h2>F<\/h2>\n<ul>\n<li>Facom<\/li>\n<li>Fag<\/li>\n<li>Feuillard Zinc Coated<\/li>\n<li>Fiat<\/li>\n<li>Fleetguard<\/li>\n<\/ul>\n<\/td>\n<\/tr>\n<tr>\n<td>\n<h2>G<\/h2>\n<ul>\n<li>Grundfos<\/li>\n<\/ul>\n<\/td>\n<td>\n<h2>H<\/h2>\n<ul>\n<li>Hella<\/li>\n<li>Hitachi<\/li>\n<li>Hyundai<\/li>\n<\/ul>\n<\/td>\n<td>\n<h2>I<\/h2>\n<ul>\n<li>Ingersoll Rand<\/li>\n<li>International<\/li>\n<li>Isuzu<\/li>\n<li>Iveco<\/li>\n<\/ul>\n<\/td>\n<\/tr>\n<tr>\n<td>\n<h2>J<\/h2>\n<ul>\n<li>John Deere<\/li>\n<\/ul>\n<\/td>\n<td>\n<h2>K<\/h2>\n<ul>\n<li>Karcher<\/li>\n<li>Komatsu<\/li>\n<li>Kubota<\/li>\n<\/ul>\n<\/td>\n<td>\n<h2>L<\/h2>\n<ul>\n<li>Legrand<\/li>\n<li>Liebherr<\/li>\n<li>Lombardini<\/li>\n<\/ul>\n<\/td>\n<\/tr>\n<tr>\n<td>\n<h2>M<\/h2>\n<ul>\n<li>Man<\/li>\n<li>Manitou<\/li>\n<li>Massey Fergusson<\/li>\n<li>Mercedes<\/li>\n<li>Metabo<\/li>\n<li>Michelin<\/li>\n<li>Mitsubishi<\/li>\n<\/ul>\n<\/td>\n<td>\n<h2>N<\/h2>\n<ul>\n<li>Navistar<\/li>\n<li>Nissan<\/li>\n<\/ul>\n<\/td>\n<td>\n<h2>O<\/h2>\n<ul>\n<li>O &amp; K<\/li>\n<li>Osram<\/li>\n<\/ul>\n<\/td>\n<\/tr>\n<tr>\n<td>\n<h2>P<\/h2>\n<ul>\n<li>Perkins<\/li>\n<li>Peugeot<\/li>\n<\/ul>\n<\/td>\n<td>\n<h2>Q<\/h2>\n<\/td>\n<td>\n<h2>R<\/h2>\n<ul>\n<li>Renault<\/li>\n<li>RVI<\/li>\n<\/ul>\n<\/td>\n<\/tr>\n<tr>\n<td>\n<h2>S<\/h2>\n<ul>\n<li>Saf<\/li>\n<li>Sam<\/li>\n<li>Schneider<\/li>\n<li>Scania<\/li>\n<li>SKF<\/li>\n<li>Siemens<\/li>\n<\/ul>\n<\/td>\n<td>\n<h2>T<\/h2>\n<ul>\n<li>T\u00e9l\u00e9m\u00e9canique<\/li>\n<li>Terex<\/li>\n<li>Timken<\/li>\n<li>Toyota<\/li>\n<\/ul>\n<\/td>\n<td>\n<h2>U<\/h2>\n<\/td>\n<\/tr>\n<tr>\n<td>\n<h2>V<\/h2>\n<ul>\n<li>Volkswagen<\/li>\n<li>Volvo<\/li>\n<\/ul>\n<\/td>\n<td>\n<h2>W<\/h2>\n<\/td>\n<td>\n<h2>X<\/h2>\n<\/td>\n<\/tr>\n<tr>\n<td>\n<h2>Y<\/h2>\n<\/td>\n<td>\n<h2>Z<\/h2>\n<\/td>\n<\/tr>\n<\/tbody>\n<\/table>\n\t\t<\/div>\n\t\t\t\t\t<\/div>\n\n\t\n<\/div>\n\t\t<\/div>\n\n\t\t\n<style>\n#section_1652320934 {\n  padding-top: 50px;\n  padding-bottom: 50px;\n  background-color: rgb(255, 255, 255);\n}\n<\/style>\n\t<\/section>\n\t\n","protected":false},"excerpt":{"rendered":"","protected":false},"author":1,"featured_media":0,"parent":0,"menu_order":0,"comment_status":"closed","ping_status":"closed","template":"page-blank.php","meta":{"footnotes":""},"class_list":["post-102","page","type-page","status-publish","hentry"],"yoast_head":"<!-- This site is optimized with the Yoast SEO plugin v27.4 - https:\/\/yoast.com\/product\/yoast-seo-wordpress\/ -->\n<title>Industrial Supplies &amp; Logistics Partner | STI-Vandendorpe<\/title>\n<meta name=\"description\" content=\"Over 30 years of expertise in industrial supplies, procurement, and logistics. Global supplier network ensuring fast, cost-efficient project delivery\" \/>\n<meta name=\"robots\" content=\"index, follow, max-snippet:-1, max-image-preview:large, max-video-preview:-1\" \/>\n<link rel=\"canonical\" href=\"https:\/\/www.stivdd.be\/en\/about-us\/\" \/>\n<meta property=\"og:locale\" content=\"en_US\" \/>\n<meta property=\"og:type\" content=\"article\" \/>\n<meta property=\"og:title\" content=\"Industrial Supplies &amp; Logistics Partner | STI-Vandendorpe\" \/>\n<meta property=\"og:description\" content=\"Over 30 years of expertise in industrial supplies, procurement, and logistics. Global supplier network ensuring fast, cost-efficient project delivery\" \/>\n<meta property=\"og:url\" content=\"https:\/\/www.stivdd.be\/en\/about-us\/\" \/>\n<meta property=\"og:site_name\" content=\"STI-VDD2026\" \/>\n<meta property=\"article:modified_time\" content=\"2026-04-27T08:33:39+00:00\" \/>\n<meta name=\"twitter:card\" content=\"summary_large_image\" \/>\n<meta name=\"twitter:label1\" content=\"Est. reading time\" \/>\n\t<meta name=\"twitter:data1\" content=\"3 minutes\" \/>\n<script type=\"application\/ld+json\" class=\"yoast-schema-graph\">{\"@context\":\"https:\\\/\\\/schema.org\",\"@graph\":[{\"@type\":\"WebPage\",\"@id\":\"https:\\\/\\\/www.stivdd.be\\\/en\\\/about-us\\\/\",\"url\":\"https:\\\/\\\/www.stivdd.be\\\/en\\\/about-us\\\/\",\"name\":\"Industrial Supplies & Logistics Partner | STI-Vandendorpe\",\"isPartOf\":{\"@id\":\"https:\\\/\\\/www.stivdd.be\\\/en\\\/#website\"},\"datePublished\":\"2026-04-24T10:03:43+00:00\",\"dateModified\":\"2026-04-27T08:33:39+00:00\",\"description\":\"Over 30 years of expertise in industrial supplies, procurement, and logistics. Global supplier network ensuring fast, cost-efficient project delivery\",\"breadcrumb\":{\"@id\":\"https:\\\/\\\/www.stivdd.be\\\/en\\\/about-us\\\/#breadcrumb\"},\"inLanguage\":\"en-US\",\"potentialAction\":[{\"@type\":\"ReadAction\",\"target\":[\"https:\\\/\\\/www.stivdd.be\\\/en\\\/about-us\\\/\"]}]},{\"@type\":\"BreadcrumbList\",\"@id\":\"https:\\\/\\\/www.stivdd.be\\\/en\\\/about-us\\\/#breadcrumb\",\"itemListElement\":[{\"@type\":\"ListItem\",\"position\":1,\"name\":\"Home\",\"item\":\"https:\\\/\\\/www.stivdd.be\\\/en\\\/\"},{\"@type\":\"ListItem\",\"position\":2,\"name\":\"About Us\"}]},{\"@type\":\"WebSite\",\"@id\":\"https:\\\/\\\/www.stivdd.be\\\/en\\\/#website\",\"url\":\"https:\\\/\\\/www.stivdd.be\\\/en\\\/\",\"name\":\"STI-VDD2026\",\"description\":\"\",\"potentialAction\":[{\"@type\":\"SearchAction\",\"target\":{\"@type\":\"EntryPoint\",\"urlTemplate\":\"https:\\\/\\\/www.stivdd.be\\\/en\\\/?s={search_term_string}\"},\"query-input\":{\"@type\":\"PropertyValueSpecification\",\"valueRequired\":true,\"valueName\":\"search_term_string\"}}],\"inLanguage\":\"en-US\"}]}<\/script>\n<!-- \/ Yoast SEO plugin. -->","yoast_head_json":{"title":"Industrial Supplies & Logistics Partner | STI-Vandendorpe","description":"Over 30 years of expertise in industrial supplies, procurement, and logistics. Global supplier network ensuring fast, cost-efficient project delivery","robots":{"index":"index","follow":"follow","max-snippet":"max-snippet:-1","max-image-preview":"max-image-preview:large","max-video-preview":"max-video-preview:-1"},"canonical":"https:\/\/www.stivdd.be\/en\/about-us\/","og_locale":"en_US","og_type":"article","og_title":"Industrial Supplies & Logistics Partner | STI-Vandendorpe","og_description":"Over 30 years of expertise in industrial supplies, procurement, and logistics. Global supplier network ensuring fast, cost-efficient project delivery","og_url":"https:\/\/www.stivdd.be\/en\/about-us\/","og_site_name":"STI-VDD2026","article_modified_time":"2026-04-27T08:33:39+00:00","twitter_card":"summary_large_image","twitter_misc":{"Est. reading time":"3 minutes"},"schema":{"@context":"https:\/\/schema.org","@graph":[{"@type":"WebPage","@id":"https:\/\/www.stivdd.be\/en\/about-us\/","url":"https:\/\/www.stivdd.be\/en\/about-us\/","name":"Industrial Supplies & Logistics Partner | STI-Vandendorpe","isPartOf":{"@id":"https:\/\/www.stivdd.be\/en\/#website"},"datePublished":"2026-04-24T10:03:43+00:00","dateModified":"2026-04-27T08:33:39+00:00","description":"Over 30 years of expertise in industrial supplies, procurement, and logistics. Global supplier network ensuring fast, cost-efficient project delivery","breadcrumb":{"@id":"https:\/\/www.stivdd.be\/en\/about-us\/#breadcrumb"},"inLanguage":"en-US","potentialAction":[{"@type":"ReadAction","target":["https:\/\/www.stivdd.be\/en\/about-us\/"]}]},{"@type":"BreadcrumbList","@id":"https:\/\/www.stivdd.be\/en\/about-us\/#breadcrumb","itemListElement":[{"@type":"ListItem","position":1,"name":"Home","item":"https:\/\/www.stivdd.be\/en\/"},{"@type":"ListItem","position":2,"name":"About Us"}]},{"@type":"WebSite","@id":"https:\/\/www.stivdd.be\/en\/#website","url":"https:\/\/www.stivdd.be\/en\/","name":"STI-VDD2026","description":"","potentialAction":[{"@type":"SearchAction","target":{"@type":"EntryPoint","urlTemplate":"https:\/\/www.stivdd.be\/en\/?s={search_term_string}"},"query-input":{"@type":"PropertyValueSpecification","valueRequired":true,"valueName":"search_term_string"}}],"inLanguage":"en-US"}]}},"_links":{"self":[{"href":"https:\/\/www.stivdd.be\/en\/wp-json\/wp\/v2\/pages\/102","targetHints":{"allow":["GET"]}}],"collection":[{"href":"https:\/\/www.stivdd.be\/en\/wp-json\/wp\/v2\/pages"}],"about":[{"href":"https:\/\/www.stivdd.be\/en\/wp-json\/wp\/v2\/types\/page"}],"author":[{"embeddable":true,"href":"https:\/\/www.stivdd.be\/en\/wp-json\/wp\/v2\/users\/1"}],"replies":[{"embeddable":true,"href":"https:\/\/www.stivdd.be\/en\/wp-json\/wp\/v2\/comments?post=102"}],"version-history":[{"count":4,"href":"https:\/\/www.stivdd.be\/en\/wp-json\/wp\/v2\/pages\/102\/revisions"}],"predecessor-version":[{"id":151,"href":"https:\/\/www.stivdd.be\/en\/wp-json\/wp\/v2\/pages\/102\/revisions\/151"}],"wp:attachment":[{"href":"https:\/\/www.stivdd.be\/en\/wp-json\/wp\/v2\/media?parent=102"}],"curies":[{"name":"wp","href":"https:\/\/api.w.org\/{rel}","templated":true}]}}